{"id":1602,"date":"2023-01-14T17:47:49","date_gmt":"2023-01-14T17:47:49","guid":{"rendered":"https:\/\/masterautomotores.com.ar\/plat\/?post_type=product&#038;p=1602"},"modified":"2023-06-07T18:50:19","modified_gmt":"2023-06-07T18:50:19","slug":"electrica-con-bluetooth-y-parlantes-900-km-40-km-de-autonomia-45-km-de-velocidad","status":"publish","type":"product","link":"https:\/\/masterautomotores.com.ar\/plat\/producto\/electrica-con-bluetooth-y-parlantes-900-km-40-km-de-autonomia-45-km-de-velocidad\/","title":{"rendered":"VENDIDA El\u00e9ctrica con Bluetooth y parlantes 900 km 40 km de autonom\u00eda, 45 km de velocidad"},"content":{"rendered":"<p>El\u00e9ctrica con Bluetooth y parlantes 900 km 40 km de autonom\u00eda, 45 km de velocidad Perfecto estado, modelo 2021 Marca Sunra hawk Tiene Alarma y 2 juegos de llaves.<\/p>\n","protected":false},"excerpt":{"rendered":"<p>El\u00e9ctrica con Bluetooth y parlantes 900 km 40 km de autonom\u00eda, 45 km de velocidad Perfecto estado, modelo 2021 Marca Sunra hawk Tiene Alarma y 2 juegos de llaves.<\/p>\n","protected":false},"featured_media":1605,"template":"","meta":[],"product_cat":[15],"product_tag":[],"_links":{"self":[{"href":"https:\/\/masterautomotores.com.ar\/plat\/wp-json\/wp\/v2\/product\/1602"}],"collection":[{"href":"https:\/\/masterautomotores.com.ar\/plat\/wp-json\/wp\/v2\/product"}],"about":[{"href":"https:\/\/masterautomotores.com.ar\/plat\/wp-json\/wp\/v2\/types\/product"}],"wp:featuredmedia":[{"embeddable":true,"href":"https:\/\/masterautomotores.com.ar\/plat\/wp-json\/wp\/v2\/media\/1605"}],"wp:attachment":[{"href":"https:\/\/masterautomotores.com.ar\/plat\/wp-json\/wp\/v2\/media?parent=1602"}],"wp:term":[{"taxonomy":"product_cat","embeddable":true,"href":"https:\/\/masterautomotores.com.ar\/plat\/wp-json\/wp\/v2\/product_cat?post=1602"},{"taxonomy":"product_tag","embeddable":true,"href":"https:\/\/masterautomotores.com.ar\/plat\/wp-json\/wp\/v2\/product_tag?post=1602"}],"curies":[{"name":"wp","href":"https:\/\/api.w.org\/{rel}","templated":true}]}}