{"id":1677,"date":"2023-04-25T17:41:22","date_gmt":"2023-04-25T17:41:22","guid":{"rendered":"https:\/\/masterautomotores.com.ar\/plat\/?post_type=product&#038;p=1677"},"modified":"2024-06-04T16:03:24","modified_gmt":"2024-06-04T16:03:24","slug":"sprinter-413-m-2008-km-360-000-valor-18-000-dolares-verificacion-policial-grabado-de-autopartes","status":"publish","type":"product","link":"https:\/\/masterautomotores.com.ar\/plat\/producto\/sprinter-413-m-2008-km-360-000-valor-18-000-dolares-verificacion-policial-grabado-de-autopartes\/","title":{"rendered":"VENDIDA Sprinter 413 m 2008 km 360.000 valor 18.000 Dolares Verificaci\u00f3n policial Grabado de autopartes"},"content":{"rendered":"<p>Sprinter 413 m 2008 km 360.000 valor 18.000 D\u00f3lares Verificaci\u00f3n policial Grabado de autopartes<\/p>\n","protected":false},"excerpt":{"rendered":"<p>Sprinter 413 m 2008 km 360.000 valor 18.000 D\u00f3lares Verificaci\u00f3n policial Grabado de autopartes<\/p>\n","protected":false},"featured_media":1681,"template":"","meta":[],"product_cat":[15],"product_tag":[],"_links":{"self":[{"href":"https:\/\/masterautomotores.com.ar\/plat\/wp-json\/wp\/v2\/product\/1677"}],"collection":[{"href":"https:\/\/masterautomotores.com.ar\/plat\/wp-json\/wp\/v2\/product"}],"about":[{"href":"https:\/\/masterautomotores.com.ar\/plat\/wp-json\/wp\/v2\/types\/product"}],"wp:featuredmedia":[{"embeddable":true,"href":"https:\/\/masterautomotores.com.ar\/plat\/wp-json\/wp\/v2\/media\/1681"}],"wp:attachment":[{"href":"https:\/\/masterautomotores.com.ar\/plat\/wp-json\/wp\/v2\/media?parent=1677"}],"wp:term":[{"taxonomy":"product_cat","embeddable":true,"href":"https:\/\/masterautomotores.com.ar\/plat\/wp-json\/wp\/v2\/product_cat?post=1677"},{"taxonomy":"product_tag","embeddable":true,"href":"https:\/\/masterautomotores.com.ar\/plat\/wp-json\/wp\/v2\/product_tag?post=1677"}],"curies":[{"name":"wp","href":"https:\/\/api.w.org\/{rel}","templated":true}]}}