{"id":1721,"date":"2023-07-10T22:33:06","date_gmt":"2023-07-10T22:33:06","guid":{"rendered":"https:\/\/masterautomotores.com.ar\/plat\/?post_type=product&#038;p=1721"},"modified":"2023-08-10T19:19:11","modified_gmt":"2023-08-10T19:19:11","slug":"suran-2011-full-full-gnc-5ta-generacion-128-mil-kilometros","status":"publish","type":"product","link":"https:\/\/masterautomotores.com.ar\/plat\/producto\/suran-2011-full-full-gnc-5ta-generacion-128-mil-kilometros\/","title":{"rendered":"Vendida Suran 2011 full full gnc 5ta generaci\u00f3n 128 mil kil\u00f3metros"},"content":{"rendered":"<p>Suran 2011 full full gnc 5ta generaci\u00f3n 128 mil kil\u00f3metros<\/p>\n","protected":false},"excerpt":{"rendered":"<p>Suran 2011 full full gnc 5ta generaci\u00f3n 128 mil kil\u00f3metros<\/p>\n","protected":false},"featured_media":1726,"template":"","meta":[],"product_cat":[15],"product_tag":[],"_links":{"self":[{"href":"https:\/\/masterautomotores.com.ar\/plat\/wp-json\/wp\/v2\/product\/1721"}],"collection":[{"href":"https:\/\/masterautomotores.com.ar\/plat\/wp-json\/wp\/v2\/product"}],"about":[{"href":"https:\/\/masterautomotores.com.ar\/plat\/wp-json\/wp\/v2\/types\/product"}],"wp:featuredmedia":[{"embeddable":true,"href":"https:\/\/masterautomotores.com.ar\/plat\/wp-json\/wp\/v2\/media\/1726"}],"wp:attachment":[{"href":"https:\/\/masterautomotores.com.ar\/plat\/wp-json\/wp\/v2\/media?parent=1721"}],"wp:term":[{"taxonomy":"product_cat","embeddable":true,"href":"https:\/\/masterautomotores.com.ar\/plat\/wp-json\/wp\/v2\/product_cat?post=1721"},{"taxonomy":"product_tag","embeddable":true,"href":"https:\/\/masterautomotores.com.ar\/plat\/wp-json\/wp\/v2\/product_tag?post=1721"}],"curies":[{"name":"wp","href":"https:\/\/api.w.org\/{rel}","templated":true}]}}