{"id":1795,"date":"2024-03-24T00:15:53","date_gmt":"2024-03-24T00:15:53","guid":{"rendered":"https:\/\/masterautomotores.com.ar\/plat\/?post_type=product&#038;p=1795"},"modified":"2025-01-30T21:19:58","modified_gmt":"2025-01-30T21:19:58","slug":"jeep-compass-4x4-2019-transmision-automatica-25000-kilometros-sensores-de-estacionamiento-camara-trasera-techo-panoramico","status":"publish","type":"product","link":"https:\/\/masterautomotores.com.ar\/plat\/producto\/jeep-compass-4x4-2019-transmision-automatica-25000-kilometros-sensores-de-estacionamiento-camara-trasera-techo-panoramico\/","title":{"rendered":"Vendido  Jeep Compass 4&#215;4 2019 transmisi\u00f3n autom\u00e1tica 25000 kil\u00f3metros ,Sensores de estacionamiento ,c\u00e1mara trasera, techo panor\u00e1mico"},"content":{"rendered":"<p>Jeep Compass 4&#215;4 2019 transmisi\u00f3n autom\u00e1tica 25000 kil\u00f3metros ,Sensores de estacionamiento ,c\u00e1mara trasera, techo panor\u00e1mico<\/p>\n","protected":false},"excerpt":{"rendered":"<p>Jeep Compass 4&#215;4 2019 transmisi\u00f3n autom\u00e1tica 25000 kil\u00f3metros ,Sensores de estacionamiento ,c\u00e1mara trasera, techo panor\u00e1mico<\/p>\n","protected":false},"featured_media":1796,"template":"","meta":[],"product_cat":[15],"product_tag":[],"_links":{"self":[{"href":"https:\/\/masterautomotores.com.ar\/plat\/wp-json\/wp\/v2\/product\/1795"}],"collection":[{"href":"https:\/\/masterautomotores.com.ar\/plat\/wp-json\/wp\/v2\/product"}],"about":[{"href":"https:\/\/masterautomotores.com.ar\/plat\/wp-json\/wp\/v2\/types\/product"}],"wp:featuredmedia":[{"embeddable":true,"href":"https:\/\/masterautomotores.com.ar\/plat\/wp-json\/wp\/v2\/media\/1796"}],"wp:attachment":[{"href":"https:\/\/masterautomotores.com.ar\/plat\/wp-json\/wp\/v2\/media?parent=1795"}],"wp:term":[{"taxonomy":"product_cat","embeddable":true,"href":"https:\/\/masterautomotores.com.ar\/plat\/wp-json\/wp\/v2\/product_cat?post=1795"},{"taxonomy":"product_tag","embeddable":true,"href":"https:\/\/masterautomotores.com.ar\/plat\/wp-json\/wp\/v2\/product_tag?post=1795"}],"curies":[{"name":"wp","href":"https:\/\/api.w.org\/{rel}","templated":true}]}}