{"id":1806,"date":"2024-03-24T16:59:07","date_gmt":"2024-03-24T16:59:07","guid":{"rendered":"https:\/\/masterautomotores.com.ar\/plat\/?post_type=product&#038;p=1806"},"modified":"2024-06-04T16:01:28","modified_gmt":"2024-06-04T16:01:28","slug":"peugeot-407-st-sport-2-2-nafta-180-mil-km-reales-problemas-electricos-mecanica-perfecta-2006","status":"publish","type":"product","link":"https:\/\/masterautomotores.com.ar\/plat\/producto\/peugeot-407-st-sport-2-2-nafta-180-mil-km-reales-problemas-electricos-mecanica-perfecta-2006\/","title":{"rendered":"VENDIDO Peugeot 407 ST sport 2.2 nafta 180 mil km reales, problemas el\u00e9ctricos, mec\u00e1nica perfecta  2006"},"content":{"rendered":"<p>Radicado en Mardel, marca falla de ABS, airbag y control de tracci\u00f3n, mec\u00e1nicamente 10 puntos<\/p>\n","protected":false},"excerpt":{"rendered":"<p>Peugeot 407 ST sport 2.2 nafta 180 mil km reales, problemas el\u00e9ctricos, mec\u00e1nica perfecta  2006<\/p>\n","protected":false},"featured_media":1807,"template":"","meta":[],"product_cat":[15],"product_tag":[],"_links":{"self":[{"href":"https:\/\/masterautomotores.com.ar\/plat\/wp-json\/wp\/v2\/product\/1806"}],"collection":[{"href":"https:\/\/masterautomotores.com.ar\/plat\/wp-json\/wp\/v2\/product"}],"about":[{"href":"https:\/\/masterautomotores.com.ar\/plat\/wp-json\/wp\/v2\/types\/product"}],"wp:featuredmedia":[{"embeddable":true,"href":"https:\/\/masterautomotores.com.ar\/plat\/wp-json\/wp\/v2\/media\/1807"}],"wp:attachment":[{"href":"https:\/\/masterautomotores.com.ar\/plat\/wp-json\/wp\/v2\/media?parent=1806"}],"wp:term":[{"taxonomy":"product_cat","embeddable":true,"href":"https:\/\/masterautomotores.com.ar\/plat\/wp-json\/wp\/v2\/product_cat?post=1806"},{"taxonomy":"product_tag","embeddable":true,"href":"https:\/\/masterautomotores.com.ar\/plat\/wp-json\/wp\/v2\/product_tag?post=1806"}],"curies":[{"name":"wp","href":"https:\/\/api.w.org\/{rel}","templated":true}]}}