{"id":1811,"date":"2024-04-08T18:38:36","date_gmt":"2024-04-08T18:38:36","guid":{"rendered":"https:\/\/masterautomotores.com.ar\/plat\/?post_type=product&#038;p=1811"},"modified":"2024-07-24T16:39:37","modified_gmt":"2024-07-24T16:39:37","slug":"volkswagen-vento-luxury-2-5-ano-2011-180-000-kilometros-valor-contado-11-000-000-permuta-12-000-000","status":"publish","type":"product","link":"https:\/\/masterautomotores.com.ar\/plat\/producto\/volkswagen-vento-luxury-2-5-ano-2011-180-000-kilometros-valor-contado-11-000-000-permuta-12-000-000\/","title":{"rendered":"VENDIDO Volkswagen Vent\u00f3 Luxury 2.5 a\u00f1o 2011 180.000 kil\u00f3metros Valor contado 11.000.000 Permuta 12.000.000"},"content":{"rendered":"<p>Volkswagen Vent\u00f3 Luxury 2.5 a\u00f1o 2011 180.000 kil\u00f3metros Valor contado 11.000.000 Permuta 12.000.000 <\/p>\n","protected":false},"excerpt":{"rendered":"<p>Volkswagen Vent\u00f3 Luxury 2.5 a\u00f1o 2011 180.000 kil\u00f3metros Valor contado 11.000.000 Permuta 12.000.000 <\/p>\n","protected":false},"featured_media":1815,"template":"","meta":[],"product_cat":[15],"product_tag":[],"_links":{"self":[{"href":"https:\/\/masterautomotores.com.ar\/plat\/wp-json\/wp\/v2\/product\/1811"}],"collection":[{"href":"https:\/\/masterautomotores.com.ar\/plat\/wp-json\/wp\/v2\/product"}],"about":[{"href":"https:\/\/masterautomotores.com.ar\/plat\/wp-json\/wp\/v2\/types\/product"}],"wp:featuredmedia":[{"embeddable":true,"href":"https:\/\/masterautomotores.com.ar\/plat\/wp-json\/wp\/v2\/media\/1815"}],"wp:attachment":[{"href":"https:\/\/masterautomotores.com.ar\/plat\/wp-json\/wp\/v2\/media?parent=1811"}],"wp:term":[{"taxonomy":"product_cat","embeddable":true,"href":"https:\/\/masterautomotores.com.ar\/plat\/wp-json\/wp\/v2\/product_cat?post=1811"},{"taxonomy":"product_tag","embeddable":true,"href":"https:\/\/masterautomotores.com.ar\/plat\/wp-json\/wp\/v2\/product_tag?post=1811"}],"curies":[{"name":"wp","href":"https:\/\/api.w.org\/{rel}","templated":true}]}}