{"id":1817,"date":"2024-04-08T18:48:43","date_gmt":"2024-04-08T18:48:43","guid":{"rendered":"https:\/\/masterautomotores.com.ar\/plat\/?post_type=product&#038;p=1817"},"modified":"2024-07-24T16:37:18","modified_gmt":"2024-07-24T16:37:18","slug":"master-furgon-vidriado-1-4-2014-130-000-kilometros-precio-contado-23-000-000-permuta-25-000-000","status":"publish","type":"product","link":"https:\/\/masterautomotores.com.ar\/plat\/producto\/master-furgon-vidriado-1-4-2014-130-000-kilometros-precio-contado-23-000-000-permuta-25-000-000\/","title":{"rendered":"VENDIDO Master furg\u00f3n vidriado 1.4 2014  130.000 kil\u00f3metros precio contado 26.000.000             Permuta 25.000.000"},"content":{"rendered":"<p>Master furg\u00f3n vidriado 1.4 2014  130.000 kil\u00f3metros precio contado 26.000.000<br \/>\nPermuta 27.000.000<\/p>\n","protected":false},"excerpt":{"rendered":"<p>Master furg\u00f3n vidriado 1.4 2014  130.000 kil\u00f3metros precio contado 26.000.000<br \/>\nPermuta 27.000.000<\/p>\n","protected":false},"featured_media":1818,"template":"","meta":[],"product_cat":[15],"product_tag":[],"_links":{"self":[{"href":"https:\/\/masterautomotores.com.ar\/plat\/wp-json\/wp\/v2\/product\/1817"}],"collection":[{"href":"https:\/\/masterautomotores.com.ar\/plat\/wp-json\/wp\/v2\/product"}],"about":[{"href":"https:\/\/masterautomotores.com.ar\/plat\/wp-json\/wp\/v2\/types\/product"}],"wp:featuredmedia":[{"embeddable":true,"href":"https:\/\/masterautomotores.com.ar\/plat\/wp-json\/wp\/v2\/media\/1818"}],"wp:attachment":[{"href":"https:\/\/masterautomotores.com.ar\/plat\/wp-json\/wp\/v2\/media?parent=1817"}],"wp:term":[{"taxonomy":"product_cat","embeddable":true,"href":"https:\/\/masterautomotores.com.ar\/plat\/wp-json\/wp\/v2\/product_cat?post=1817"},{"taxonomy":"product_tag","embeddable":true,"href":"https:\/\/masterautomotores.com.ar\/plat\/wp-json\/wp\/v2\/product_tag?post=1817"}],"curies":[{"name":"wp","href":"https:\/\/api.w.org\/{rel}","templated":true}]}}