{"id":1821,"date":"2024-04-08T18:57:37","date_gmt":"2024-04-08T18:57:37","guid":{"rendered":"https:\/\/masterautomotores.com.ar\/plat\/?post_type=product&#038;p=1821"},"modified":"2024-09-02T13:18:59","modified_gmt":"2024-09-02T13:18:59","slug":"fiat-grand-siena-1-4-ano-2012-175-925-kilometros-valor-contado4-900-000-permuta-5-500-000","status":"publish","type":"product","link":"https:\/\/masterautomotores.com.ar\/plat\/producto\/fiat-grand-siena-1-4-ano-2012-175-925-kilometros-valor-contado4-900-000-permuta-5-500-000\/","title":{"rendered":"VENDIDO Fiat Grand Siena 1.4 a\u00f1o 2012 175.925 kil\u00f3metros valor contado4.999 D\u00f3lares  Permuta 5.500 Dolares"},"content":{"rendered":"<p>Fiat Grand Siena 1.4 a\u00f1o 2012 175.925 kil\u00f3metros valor contado4.999 D\u00f3lares Permuta 5.500 D\u00f3lares<\/p>\n","protected":false},"excerpt":{"rendered":"<p>Fiat Grand Siena 1.4 a\u00f1o 2012 175.925 kil\u00f3metros valor contado4.999 D\u00f3lares Permuta 5.500 D\u00f3lares<\/p>\n","protected":false},"featured_media":1823,"template":"","meta":[],"product_cat":[15],"product_tag":[],"_links":{"self":[{"href":"https:\/\/masterautomotores.com.ar\/plat\/wp-json\/wp\/v2\/product\/1821"}],"collection":[{"href":"https:\/\/masterautomotores.com.ar\/plat\/wp-json\/wp\/v2\/product"}],"about":[{"href":"https:\/\/masterautomotores.com.ar\/plat\/wp-json\/wp\/v2\/types\/product"}],"wp:featuredmedia":[{"embeddable":true,"href":"https:\/\/masterautomotores.com.ar\/plat\/wp-json\/wp\/v2\/media\/1823"}],"wp:attachment":[{"href":"https:\/\/masterautomotores.com.ar\/plat\/wp-json\/wp\/v2\/media?parent=1821"}],"wp:term":[{"taxonomy":"product_cat","embeddable":true,"href":"https:\/\/masterautomotores.com.ar\/plat\/wp-json\/wp\/v2\/product_cat?post=1821"},{"taxonomy":"product_tag","embeddable":true,"href":"https:\/\/masterautomotores.com.ar\/plat\/wp-json\/wp\/v2\/product_tag?post=1821"}],"curies":[{"name":"wp","href":"https:\/\/api.w.org\/{rel}","templated":true}]}}