{"id":2231,"date":"2024-10-10T16:48:04","date_gmt":"2024-10-10T16:48:04","guid":{"rendered":"https:\/\/masterautomotores.com.ar\/plat\/?post_type=product&#038;p=2231"},"modified":"2025-05-20T18:42:31","modified_gmt":"2025-05-20T18:42:31","slug":"vw-bora-ano-2010-motor-2-0-nafta-gnc-200mil-km-titular-4-gomas-nuevas-distribucion-con-12mil-km","status":"publish","type":"product","link":"https:\/\/masterautomotores.com.ar\/plat\/producto\/vw-bora-ano-2010-motor-2-0-nafta-gnc-200mil-km-titular-4-gomas-nuevas-distribucion-con-12mil-km\/","title":{"rendered":"VENDIDO Vw Bora a\u00f1o 2010 motor 2.0 nafta GNC 200mil km titular 4 gomas nuevas distribuci\u00f3n con 12mil km"},"content":{"rendered":"<p>Vw Bora a\u00f1o 2010 motor 2.0 nafta GNC 200mil km titular 4 gomas nuevas distribuci\u00f3n con 12mil km<\/p>\n","protected":false},"excerpt":{"rendered":"<p>Vw Bora a\u00f1o 2010 motor 2.0 nafta GNC 200mil km titular 4 gomas nuevas distribuci\u00f3n con 12mil km<\/p>\n","protected":false},"featured_media":2232,"template":"","meta":[],"product_cat":[15],"product_tag":[],"_links":{"self":[{"href":"https:\/\/masterautomotores.com.ar\/plat\/wp-json\/wp\/v2\/product\/2231"}],"collection":[{"href":"https:\/\/masterautomotores.com.ar\/plat\/wp-json\/wp\/v2\/product"}],"about":[{"href":"https:\/\/masterautomotores.com.ar\/plat\/wp-json\/wp\/v2\/types\/product"}],"wp:featuredmedia":[{"embeddable":true,"href":"https:\/\/masterautomotores.com.ar\/plat\/wp-json\/wp\/v2\/media\/2232"}],"wp:attachment":[{"href":"https:\/\/masterautomotores.com.ar\/plat\/wp-json\/wp\/v2\/media?parent=2231"}],"wp:term":[{"taxonomy":"product_cat","embeddable":true,"href":"https:\/\/masterautomotores.com.ar\/plat\/wp-json\/wp\/v2\/product_cat?post=2231"},{"taxonomy":"product_tag","embeddable":true,"href":"https:\/\/masterautomotores.com.ar\/plat\/wp-json\/wp\/v2\/product_tag?post=2231"}],"curies":[{"name":"wp","href":"https:\/\/api.w.org\/{rel}","templated":true}]}}