{"id":2253,"date":"2024-10-17T19:25:27","date_gmt":"2024-10-17T19:25:27","guid":{"rendered":"https:\/\/masterautomotores.com.ar\/plat\/?post_type=product&#038;p=2253"},"modified":"2024-11-26T00:15:26","modified_gmt":"2024-11-26T00:15:26","slug":"iveco-daily-furgon-ano-2017-98mil-kilometros-unico-dueno-08-firmado-informe-de-dominio-listo-para-transferir","status":"publish","type":"product","link":"https:\/\/masterautomotores.com.ar\/plat\/producto\/iveco-daily-furgon-ano-2017-98mil-kilometros-unico-dueno-08-firmado-informe-de-dominio-listo-para-transferir\/","title":{"rendered":"VENDIDA Iveco daily furg\u00f3n  a\u00f1o 2017 98mil kil\u00f3metros  Unico due\u00f1o  08 firmado informe de dominio listo para transferir"},"content":{"rendered":"<p>Iveco daily furg\u00f3n<br \/>\na\u00f1o 2017<br \/>\n98mil kil\u00f3metros<br \/>\nUnico due\u00f1o<br \/>\n08 firmado informe de dominio listo para transferir<\/p>\n","protected":false},"excerpt":{"rendered":"<p>Iveco daily furg\u00f3n<br \/>\na\u00f1o 2017<br \/>\n98mil kil\u00f3metros<br \/>\nUnico due\u00f1o<br \/>\n08 firmado informe de dominio listo para transferir<\/p>\n","protected":false},"featured_media":2255,"template":"","meta":[],"product_cat":[15],"product_tag":[],"_links":{"self":[{"href":"https:\/\/masterautomotores.com.ar\/plat\/wp-json\/wp\/v2\/product\/2253"}],"collection":[{"href":"https:\/\/masterautomotores.com.ar\/plat\/wp-json\/wp\/v2\/product"}],"about":[{"href":"https:\/\/masterautomotores.com.ar\/plat\/wp-json\/wp\/v2\/types\/product"}],"wp:featuredmedia":[{"embeddable":true,"href":"https:\/\/masterautomotores.com.ar\/plat\/wp-json\/wp\/v2\/media\/2255"}],"wp:attachment":[{"href":"https:\/\/masterautomotores.com.ar\/plat\/wp-json\/wp\/v2\/media?parent=2253"}],"wp:term":[{"taxonomy":"product_cat","embeddable":true,"href":"https:\/\/masterautomotores.com.ar\/plat\/wp-json\/wp\/v2\/product_cat?post=2253"},{"taxonomy":"product_tag","embeddable":true,"href":"https:\/\/masterautomotores.com.ar\/plat\/wp-json\/wp\/v2\/product_tag?post=2253"}],"curies":[{"name":"wp","href":"https:\/\/api.w.org\/{rel}","templated":true}]}}