{"id":2274,"date":"2024-10-22T18:18:09","date_gmt":"2024-10-22T18:18:09","guid":{"rendered":"https:\/\/masterautomotores.com.ar\/plat\/?post_type=product&#038;p=2274"},"modified":"2024-11-26T00:14:49","modified_gmt":"2024-11-26T00:14:49","slug":"ford-taunus-ano-1980-67mil-kilometros-papeles-al-dia-excelente","status":"publish","type":"product","link":"https:\/\/masterautomotores.com.ar\/plat\/producto\/ford-taunus-ano-1980-67mil-kilometros-papeles-al-dia-excelente\/","title":{"rendered":"VENDIDO FORD TAUNUS a\u00f1o 1980 67mil kil\u00f3metros  Papeles al d\u00eda EXCELENTE"},"content":{"rendered":"<p>FORD TAUNUS a\u00f1o 1980 67mil kil\u00f3metros Papeles al d\u00eda EXCELENTE<\/p>\n","protected":false},"excerpt":{"rendered":"<p>FORD TAUNUS a\u00f1o 1980 67mil kil\u00f3metros Papeles al d\u00eda EXCELENTE<\/p>\n","protected":false},"featured_media":2275,"template":"","meta":[],"product_cat":[15],"product_tag":[],"_links":{"self":[{"href":"https:\/\/masterautomotores.com.ar\/plat\/wp-json\/wp\/v2\/product\/2274"}],"collection":[{"href":"https:\/\/masterautomotores.com.ar\/plat\/wp-json\/wp\/v2\/product"}],"about":[{"href":"https:\/\/masterautomotores.com.ar\/plat\/wp-json\/wp\/v2\/types\/product"}],"wp:featuredmedia":[{"embeddable":true,"href":"https:\/\/masterautomotores.com.ar\/plat\/wp-json\/wp\/v2\/media\/2275"}],"wp:attachment":[{"href":"https:\/\/masterautomotores.com.ar\/plat\/wp-json\/wp\/v2\/media?parent=2274"}],"wp:term":[{"taxonomy":"product_cat","embeddable":true,"href":"https:\/\/masterautomotores.com.ar\/plat\/wp-json\/wp\/v2\/product_cat?post=2274"},{"taxonomy":"product_tag","embeddable":true,"href":"https:\/\/masterautomotores.com.ar\/plat\/wp-json\/wp\/v2\/product_tag?post=2274"}],"curies":[{"name":"wp","href":"https:\/\/api.w.org\/{rel}","templated":true}]}}