{"id":2288,"date":"2024-12-02T16:11:10","date_gmt":"2024-12-02T16:11:10","guid":{"rendered":"https:\/\/masterautomotores.com.ar\/plat\/?post_type=product&#038;p=2288"},"modified":"2025-05-20T15:41:37","modified_gmt":"2025-05-20T15:41:37","slug":"aveo-2012-con-gnc-de-5ta-255-mil-kilometros-andando-muy-bien-4-cubiertas-nuevas-casi-8-meses-vtv-y-prueba-hidraulica-y-valvula-hace-4-meses","status":"publish","type":"product","link":"https:\/\/masterautomotores.com.ar\/plat\/producto\/aveo-2012-con-gnc-de-5ta-255-mil-kilometros-andando-muy-bien-4-cubiertas-nuevas-casi-8-meses-vtv-y-prueba-hidraulica-y-valvula-hace-4-meses\/","title":{"rendered":"VENDIDO Aveo  2012 con gnc  de 5ta.  255 mil kil\u00f3metros  andando muy bien.  4 cubiertas  nuevas  casi 8 meses.vtv y prueba hidr\u00e1ulica y v\u00e1lvula  hace  4 meses"},"content":{"rendered":"<p>Aveo 2012 con gnc de 5ta. 255 mil kil\u00f3metros andando muy bien. 4 cubiertas nuevas casi 8 meses.vtv y prueba hidr\u00e1ulica y v\u00e1lvula hace 4 meses<\/p>\n","protected":false},"excerpt":{"rendered":"<p>Aveo 2012 con gnc de 5ta. 255 mil kil\u00f3metros andando muy bien. 4 cubiertas nuevas casi 8 meses.vtv y prueba hidr\u00e1ulica y v\u00e1lvula hace 4 meses<\/p>\n","protected":false},"featured_media":2289,"template":"","meta":[],"product_cat":[15],"product_tag":[],"_links":{"self":[{"href":"https:\/\/masterautomotores.com.ar\/plat\/wp-json\/wp\/v2\/product\/2288"}],"collection":[{"href":"https:\/\/masterautomotores.com.ar\/plat\/wp-json\/wp\/v2\/product"}],"about":[{"href":"https:\/\/masterautomotores.com.ar\/plat\/wp-json\/wp\/v2\/types\/product"}],"wp:featuredmedia":[{"embeddable":true,"href":"https:\/\/masterautomotores.com.ar\/plat\/wp-json\/wp\/v2\/media\/2289"}],"wp:attachment":[{"href":"https:\/\/masterautomotores.com.ar\/plat\/wp-json\/wp\/v2\/media?parent=2288"}],"wp:term":[{"taxonomy":"product_cat","embeddable":true,"href":"https:\/\/masterautomotores.com.ar\/plat\/wp-json\/wp\/v2\/product_cat?post=2288"},{"taxonomy":"product_tag","embeddable":true,"href":"https:\/\/masterautomotores.com.ar\/plat\/wp-json\/wp\/v2\/product_tag?post=2288"}],"curies":[{"name":"wp","href":"https:\/\/api.w.org\/{rel}","templated":true}]}}