{"id":2372,"date":"2025-05-27T17:20:46","date_gmt":"2025-05-27T17:20:46","guid":{"rendered":"https:\/\/masterautomotores.com.ar\/plat\/?post_type=product&#038;p=2372"},"modified":"2025-06-11T17:08:09","modified_gmt":"2025-06-11T17:08:09","slug":"mercedes-splinter-413-cdi-ch-2011-excelente","status":"publish","type":"product","link":"https:\/\/masterautomotores.com.ar\/plat\/producto\/mercedes-splinter-413-cdi-ch-2011-excelente\/","title":{"rendered":"VENDIDO MERCEDES SPRINTER 413 CDI \/CH 2011 EXCELENTE"},"content":{"rendered":"<p>Listado de cosas del Motorhome<br \/>\n1) Pulmones neum\u00e1ticos NUEVOS reci\u00e9n colocados. Situados en los duales para levantar o bajar suspension por control remoto desde cabina. Incluye 1 pulm\u00f3n de repuesto.<br \/>\n2. Sistema Vigia por control remoto para presi\u00f3n de neum\u00e1ticos con inflado autom\u00e1tico a trav\u00e9s de compresor inteligente. Incluye repuestos varios.<br \/>\n3. Panel general con medicine de niveles de aguas blancas, aguas grises, aguas negras y bater\u00edas.<br \/>\n4. Inversor a 220V<br \/>\n5. Televisor NOBLEX en habitation.<br \/>\n6. Televisor SONY en living.<br \/>\n7. Sistema de audio PIONEER.<br \/>\n8. Balmiter: para medir presi\u00f3n de aceite, temperatura de agua, y turbo. Con alarmas establecidas.<br \/>\n9. Calefacci\u00f3n a gas CLOVER.<br \/>\n10. Calefacci\u00f3n estacionaria EBERSPACHER<br \/>\n11. Heladera y freezer DOMETIC a gas y a bater\u00eda con cambio autom\u00e1tico .<br \/>\n12. Extractor para cocina.<br \/>\n13. Climatizador en living.<br \/>\n14. A\/C y calo VIESA en dormitorio.<br \/>\n15. Ventanas termo aislantes nuevas, reci\u00e9n colocadas, con cortina y mosquitero incluido.<br \/>\n16. Caja seguridad.<br \/>\n17. Cargador de bater\u00edas nuevo ENERTIK. Compatible para paneles.<br \/>\n18. Regulador 12 + 12 VICTRON ENERGY . Con monitor de bater\u00edas.<br \/>\n19. Toldo LB Prosport.<br \/>\n20. Generador Honda EU30 IS<br \/>\n21. RTO hasta Noviembre 2025.<br \/>\n22. Luz led exterior ambos lados.<br \/>\n23. Ventilador de living y ba\u00f1o.<\/p>\n","protected":false},"excerpt":{"rendered":"<p>Listado de cosas del Motorhome<br \/>\n1) Pulmones neum\u00e1ticos NUEVOS reci\u00e9n colocados. Situados en los duales para levantar o bajar suspension por control remoto desde cabina. Incluye 1 pulm\u00f3n de repuesto.<br \/>\n2. Sistema Vigia por control remoto para presi\u00f3n de neum\u00e1ticos con inflado autom\u00e1tico a trav\u00e9s de compresor inteligente. Incluye repuestos varios.<br \/>\n3. Panel general con medicine de niveles de aguas blancas, aguas grises, aguas negras y bater\u00edas.<br \/>\n4. Inversor a 220V<br \/>\n5. Televisor NOBLEX en habitation.<br \/>\n6. Televisor SONY en living.<br \/>\n7. Sistema de audio PIONEER.<br \/>\n8. Balmiter: para medir presi\u00f3n de aceite, temperatura de agua, y turbo. Con alarmas establecidas.<br \/>\n9. Calefacci\u00f3n a gas CLOVER.<br \/>\n10. Calefacci\u00f3n estacionaria EBERSPACHER<br \/>\n11. Heladera y freezer DOMETIC a gas y a bater\u00eda con cambio autom\u00e1tico .<br \/>\n12. Extractor para cocina.<br \/>\n13. Climatizador en living.<br \/>\n14. A\/C y calo VIESA en dormitorio.<br \/>\n15. Ventanas termo aislantes nuevas, reci\u00e9n colocadas, con cortina y mosquitero incluido.<br \/>\n16. Caja seguridad.<br \/>\n17. Cargador de bater\u00edas nuevo ENERTIK. Compatible para paneles.<br \/>\n18. Regulador 12 + 12 VICTRON ENERGY . Con monitor de bater\u00edas.<br \/>\n19. Toldo LB Prosport.<br \/>\n20. Generador Honda EU30 IS<br \/>\n21. RTO hasta Noviembre 2025.<br \/>\n22. Luz led exterior ambos lados.<br \/>\n23. Ventilador de living y ba\u00f1o.<\/p>\n","protected":false},"featured_media":2375,"template":"","meta":[],"product_cat":[15],"product_tag":[],"_links":{"self":[{"href":"https:\/\/masterautomotores.com.ar\/plat\/wp-json\/wp\/v2\/product\/2372"}],"collection":[{"href":"https:\/\/masterautomotores.com.ar\/plat\/wp-json\/wp\/v2\/product"}],"about":[{"href":"https:\/\/masterautomotores.com.ar\/plat\/wp-json\/wp\/v2\/types\/product"}],"wp:featuredmedia":[{"embeddable":true,"href":"https:\/\/masterautomotores.com.ar\/plat\/wp-json\/wp\/v2\/media\/2375"}],"wp:attachment":[{"href":"https:\/\/masterautomotores.com.ar\/plat\/wp-json\/wp\/v2\/media?parent=2372"}],"wp:term":[{"taxonomy":"product_cat","embeddable":true,"href":"https:\/\/masterautomotores.com.ar\/plat\/wp-json\/wp\/v2\/product_cat?post=2372"},{"taxonomy":"product_tag","embeddable":true,"href":"https:\/\/masterautomotores.com.ar\/plat\/wp-json\/wp\/v2\/product_tag?post=2372"}],"curies":[{"name":"wp","href":"https:\/\/api.w.org\/{rel}","templated":true}]}}